{"id":16124,"date":"2024-04-06T01:53:31","date_gmt":"2024-04-06T01:53:31","guid":{"rendered":"https:\/\/iamempathy.com\/?post_type=product&#038;p=16124"},"modified":"2024-04-25T00:07:34","modified_gmt":"2024-04-25T00:07:34","slug":"curso-marketing-digital-online-enfocado-en-negocios-ia-y-seo","status":"publish","type":"product","link":"https:\/\/iamempathy.com\/es\/tienda\/productosdigitales\/cursos-especializados\/curso-marketing-digital-online-enfocado-en-negocios-ia-y-seo\/","title":{"rendered":"Curso Marketing digital Online enfocado en Negocios IA y SEO"},"content":{"rendered":"<h2>Curso Marketing digital Online enfocado en Negocios IA y SEO<\/h2>\n<p><strong>Temario para Curso de Marketing Digital IamEmpathy 2024 (3 Meses)<\/strong><br \/>\n<strong>Enfoque:<\/strong> Negocios, IA y SEO<br \/>\n<strong>Duraci\u00f3n:<\/strong> 3 meses (12 semanas)<br \/>\n<strong>Modalidad:<\/strong> Online<\/p>\n<p><strong>Metodolog\u00eda:<\/strong><br \/>\n&#8211; Clases en vivo por videoconferencia<br \/>\n&#8211; Foros de discusi\u00f3n<br \/>\n&#8211; Ejercicios pr\u00e1cticos<br \/>\n&#8211; Tutor\u00edas personalizadas<\/p>\n<p><strong>Herramientas:<\/strong><br \/>\n&#8211; Google Meet, Classroom<br \/>\n&#8211; Zoom<br \/>\n&#8211; Otras herramientas digitales<\/p>\n<p><strong>TEMARIO:<\/strong><\/p>\n<p><strong>M\u00f3dulo 1: Fundamentos del Marketing Digital (Semana 1-2)<\/strong><br \/>\n&#8211; Introducci\u00f3n al Marketing Digital<br \/>\n&#8211; Estrategia de Marketing Digital<br \/>\n&#8211; Marketing en Redes Sociales (SMM)<br \/>\n&#8211; Search Engine Optimization (SEO)<br \/>\n&#8211; Search Engine Marketing (SEM)<br \/>\n&#8211; Email Marketing<br \/>\n&#8211; Marketing de Contenidos<br \/>\n&#8211; Publicidad Online<br \/>\n&#8211; Anal\u00edtica Web<\/p>\n<p><strong>M\u00f3dulo 2: Marketing Digital para Negocios (Semana 3-5)<\/strong><br \/>\n&#8211; Marketing para Pymes<br \/>\n&#8211; Marketing B2B<br \/>\n&#8211; Marketing de Ecommerce<br \/>\n&#8211; Marketing de Servicios<br \/>\n&#8211; Branding Digital<br \/>\n&#8211; Growth Hacking<br \/>\n&#8211; Marketing Automation<br \/>\n&#8211; Inbound Marketing<br \/>\n&#8211; Customer Relationship Management (CRM)<\/p>\n<p><strong>M\u00f3dulo 3: Inteligencia Artificial en el Marketing Digital (Semana 6-8)<\/strong><br \/>\n&#8211; Introducci\u00f3n a la Inteligencia Artificial (IA)<br \/>\n&#8211; Aplicaciones de la IA en el Marketing Digital<br \/>\n&#8211; Chatbots<br \/>\n&#8211; Machine Learning<br \/>\n&#8211; Big Data<br \/>\n&#8211; An\u00e1lisis del Sentimiento<br \/>\n&#8211; Personalizaci\u00f3n<br \/>\n&#8211; Automatizaci\u00f3n<br \/>\n&#8211; Tendencias en IA para el Marketing<\/p>\n<p><strong>M\u00f3dulo 4: SEO Avanzado (Semana 9-11)<\/strong><br \/>\n&#8211; SEO On-Page<br \/>\n&#8211; SEO Off-Page<br \/>\n&#8211; Keyword Research<br \/>\n&#8211; Technical SEO<br \/>\n&#8211; Link Building<br \/>\n&#8211; Content Optimization<br \/>\n&#8211; Local SEO<br \/>\n&#8211; Mobile SEO<br \/>\n&#8211; Estrategia de SEO<br \/>\n&#8211; An\u00e1lisis de la Competencia<\/p>\n<p><strong>M\u00f3dulo 5: Proyecto Final (A partir de la semana 12)<\/strong><br \/>\n&#8211; Desarrollo de un plan de marketing digital para un negocio real<br \/>\n&#8211; Presentaci\u00f3n del proyecto final<\/p>\n<p><strong>Calendario:<\/strong><br \/>\n&#8211; Clases: 2 clases por semana, de 2 horas cada una<br \/>\n&#8211; Foros de discusi\u00f3n: 1 foro por semana<br \/>\n&#8211; Ejercicios pr\u00e1cticos: 1 ejercicio por semana<br \/>\n&#8211; Tutor\u00edas personalizadas: 1 sesi\u00f3n por mes<\/p>\n<p><strong>Evaluaci\u00f3n:<\/strong><br \/>\n&#8211; Participaci\u00f3n en clase (20%)<br \/>\n&#8211; Ejercicios pr\u00e1cticos (30%)<br \/>\n&#8211; Foros de discusi\u00f3n (10%)<br \/>\n&#8211; Proyecto final (40%)<\/p>\n<p><strong>Requisitos:<\/strong><br \/>\n&#8211; Acceso a internet<br \/>\n&#8211; Computadora con c\u00e1mara y micr\u00f3fono<br \/>\n&#8211; Disposici\u00f3n para aprender y trabajar<\/p>\n<p><strong>Costo:<\/strong><br \/>\nEN PROMOCI\u00d3N HASTA EL MI\u00c9RCOLES 24\/04\/2024 LA PREINSCRIPCI\u00d3N: 10$ (DESPU\u00c9S 20$ POR INSCRIPCI\u00d3N), 25$ Mensual o 70$ de contado por los 3 meses.<\/p>\n<p><strong>Beneficios:<\/strong><br \/>\n&#8211; Aprender\u00e1s las \u00faltimas estrategias de marketing digital<br \/>\n&#8211; Desarrollar\u00e1s las habilidades necesarias para aplicar el marketing digital en tu negocio<br \/>\n&#8211; Obtendr\u00e1s un certificado de participaci\u00f3n<br \/>\n&#8211; Tendr\u00e1s acceso a una comunidad de profesionales del marketing digital<\/p>\n<p><strong>Instructor:<\/strong><br \/>\nIng. Asdubal Garcia, 16 a\u00f1os de experiencia.<\/p>\n<p><strong>\u00bfEst\u00e1s listo para llevar tu negocio al siguiente nivel?<\/strong><\/p>\n<p><strong>Pre-Inscr\u00edbete ahora en nuestro Curso de Marketing Digital en 3 Meses<\/strong><\/p>\n<p><strong>Para m\u00e1s informaci\u00f3n, cont\u00e1ctanos a trav\u00e9s de:<\/strong><br \/>\n&#8211; Correo electr\u00f3nico: empathyagencydm@gmail.com<br \/>\n&#8211; Tel\u00e9fono: +58 412 469.33.52<\/p>\n<p><strong>TALLERES DURANTE EL CURSO DE ASISTENCIA NO OBLIGATORIA:<\/strong><\/p>\n<p>&#8211; Oratoria para asesores. Acceso: GRATIS PARA ESTUDIANTES ACTIVOS \/ Acceso: 2$<br \/>\n&#8211; Photoshop CC2024 Introducci\u00f3n a la Edici\u00f3n gr\u00e1fica. Buenas pr\u00e1cticas de dise\u00f1o. Acceso: 2$<br \/>\n&#8211; Illustrator CC2024 Introducci\u00f3n a la ilustraci\u00f3n. Buenas pr\u00e1cticas, herramientas. Acceso: 2$<br \/>\n&#8211; After Effects CC2024 Introducci\u00f3n a la VideoEdicion y motion graphics. Buenas pr\u00e1cticas. Acceso: 2$<br \/>\n&#8211; Identidad Corporativa Elementos, herramientas, entregables. GRATIS PARA ESTUDIANTES ACTIVOS \/ Acceso: 5$<br \/>\n&#8211; Edici\u00f3n Web, Plantillas email, herramientas, indicadores. Acceso: 10$<br \/>\n&#8211; Planificaci\u00f3n de atenci\u00f3n, tickets, resoluci\u00f3n de conflictos. Acceso: GRATIS PARA ESTUDIANTES ACTIVOS \/ Acceso: 2$<br \/>\n&#8211; \u00bfC\u00f3mo cotizar servicios profesionales?. Acceso: GRATIS PARA ESTUDIANTES ACTIVOS \/ Acceso: 5$<\/p>\n<h2 data-sourcepos=\"1:1-1:52\">Razones para especializarse en Marketing Digital:<\/h2>\n<p data-sourcepos=\"3:1-3:25\"><strong>1. Demanda creciente:<\/strong><\/p>\n<ul data-sourcepos=\"5:1-8:0\">\n<li data-sourcepos=\"5:1-5:100\">El marketing digital es una industria en auge, con una alta demanda de profesionales cualificados.<\/li>\n<li data-sourcepos=\"6:1-6:104\">Cada vez m\u00e1s empresas necesitan ayuda para tener presencia online y llegar a sus clientes potenciales.<\/li>\n<li data-sourcepos=\"7:1-8:0\">Las oportunidades de empleo en este campo son numerosas y bien remuneradas.<\/li>\n<\/ul>\n<p data-sourcepos=\"9:1-9:33\"><strong>2. Habilidades transferibles:<\/strong><\/p>\n<ul data-sourcepos=\"11:1-13:0\">\n<li data-sourcepos=\"11:1-11:162\">Las habilidades que se aprenden en marketing digital son transferibles a otros campos, como el marketing tradicional, las relaciones p\u00fablicas y la comunicaci\u00f3n.<\/li>\n<li data-sourcepos=\"12:1-13:0\">Esto te permite tener una carrera m\u00e1s vers\u00e1til y adaptable a los cambios del mercado.<\/li>\n<\/ul>\n<p data-sourcepos=\"14:1-14:28\"><strong>3. Potencial de negocio:<\/strong><\/p>\n<ul data-sourcepos=\"16:1-18:0\">\n<li data-sourcepos=\"16:1-16:152\">Si tienes un negocio propio, el marketing digital te puede ayudar a aumentar tus ventas, mejorar tu posicionamiento online y fidelizar a tus clientes.<\/li>\n<li data-sourcepos=\"17:1-18:0\">Tambi\u00e9n puedes ofrecer servicios de marketing digital a otras empresas, convirti\u00e9ndote en un freelancer o emprendedor.<\/li>\n<\/ul>\n<p data-sourcepos=\"19:1-19:28\"><strong>4. Crecimiento personal:<\/strong><\/p>\n<ul data-sourcepos=\"21:1-23:0\">\n<li data-sourcepos=\"21:1-21:137\">Aprender sobre marketing digital te permite estar al d\u00eda de las \u00faltimas tendencias tecnol\u00f3gicas y de las nuevas formas de comunicaci\u00f3n.<\/li>\n<li data-sourcepos=\"22:1-23:0\">Esto te ayuda a ser m\u00e1s creativo, estrat\u00e9gico y anal\u00edtico en tu vida personal y profesional.<\/li>\n<\/ul>\n<p data-sourcepos=\"24:1-24:20\"><strong>5. Flexibilidad:<\/strong><\/p>\n<ul data-sourcepos=\"26:1-28:0\">\n<li data-sourcepos=\"26:1-26:84\">Puedes trabajar en marketing digital desde cualquier lugar y en cualquier momento.<\/li>\n<li data-sourcepos=\"27:1-28:0\">Esto te permite tener un mejor equilibrio entre tu vida personal y profesional.<\/li>\n<\/ul>\n<p data-sourcepos=\"29:1-29:24\"><strong>6. Impacto positivo:<\/strong><\/p>\n<ul data-sourcepos=\"31:1-33:0\">\n<li data-sourcepos=\"31:1-31:126\">El marketing digital te permite ayudar a las empresas a alcanzar sus objetivos y a tener un impacto positivo en la sociedad.<\/li>\n<li data-sourcepos=\"32:1-33:0\">Puedes trabajar en proyectos que te apasionen y que hagan del mundo un lugar mejor.<\/li>\n<\/ul>\n<p data-sourcepos=\"34:1-34:148\"><strong>En resumen, especializarse en marketing digital es una decisi\u00f3n inteligente que te puede abrir muchas puertas en el mundo laboral y empresarial.<\/strong><\/p>\n<p data-sourcepos=\"36:1-36:147\"><strong>Si est\u00e1s buscando una carrera desafiante, gratificante y con un gran potencial de crecimiento, el marketing digital es la opci\u00f3n ideal para ti.<\/strong><\/p>\n","protected":false},"excerpt":{"rendered":"<p>Curso Marketing digital Online enfocado en Negocios IA y SEO<\/p>\n","protected":false},"featured_media":16125,"comment_status":"open","ping_status":"closed","template":"","meta":{"rank_math_lock_modified_date":false},"product_brand":[],"product_cat":[263,20],"product_tag":[271,230,273,272,269,124,179,125,268,180,270,123],"class_list":{"0":"post-16124","1":"product","2":"type-product","3":"status-publish","4":"has-post-thumbnail","6":"product_cat-cursos-especializados","7":"product_cat-productosdigitales","8":"product_tag-agencia-de-marketing","9":"product_tag-curso","10":"product_tag-curso-completo-de-marketing","11":"product_tag-curso-completo-de-marketing-online","12":"product_tag-curso-online","13":"product_tag-empathy","14":"product_tag-empathy-agency","15":"product_tag-iamempathy","16":"product_tag-marketing","17":"product_tag-marketing-digital","18":"product_tag-online","19":"product_tag-venezuela","21":"first","22":"instock","23":"virtual","24":"purchasable","25":"product-type-simple"},"_links":{"self":[{"href":"https:\/\/iamempathy.com\/es\/wp-json\/wp\/v2\/product\/16124","targetHints":{"allow":["GET"]}}],"collection":[{"href":"https:\/\/iamempathy.com\/es\/wp-json\/wp\/v2\/product"}],"about":[{"href":"https:\/\/iamempathy.com\/es\/wp-json\/wp\/v2\/types\/product"}],"replies":[{"embeddable":true,"href":"https:\/\/iamempathy.com\/es\/wp-json\/wp\/v2\/comments?post=16124"}],"version-history":[{"count":0,"href":"https:\/\/iamempathy.com\/es\/wp-json\/wp\/v2\/product\/16124\/revisions"}],"wp:featuredmedia":[{"embeddable":true,"href":"https:\/\/iamempathy.com\/es\/wp-json\/wp\/v2\/media\/16125"}],"wp:attachment":[{"href":"https:\/\/iamempathy.com\/es\/wp-json\/wp\/v2\/media?parent=16124"}],"wp:term":[{"taxonomy":"product_brand","embeddable":true,"href":"https:\/\/iamempathy.com\/es\/wp-json\/wp\/v2\/product_brand?post=16124"},{"taxonomy":"product_cat","embeddable":true,"href":"https:\/\/iamempathy.com\/es\/wp-json\/wp\/v2\/product_cat?post=16124"},{"taxonomy":"product_tag","embeddable":true,"href":"https:\/\/iamempathy.com\/es\/wp-json\/wp\/v2\/product_tag?post=16124"}],"curies":[{"name":"wp","href":"https:\/\/api.w.org\/{rel}","templated":true}]}}