{"id":14366,"date":"2023-01-07T18:36:43","date_gmt":"2023-01-07T18:36:43","guid":{"rendered":"https:\/\/iamempathy.com\/?post_type=product&#038;p=14366"},"modified":"2025-02-19T02:14:23","modified_gmt":"2025-02-19T06:14:23","slug":"plan-pro-gestion-de-redes-sociales-premium","status":"publish","type":"product","link":"https:\/\/iamempathy.com\/es\/tienda\/productosdigitales\/gestionredessociales\/plan-pro-gestion-de-redes-sociales-premium\/","title":{"rendered":"PLAN PRO GESTI\u00d3N DE REDES SOCIALES PREMIUM"},"content":{"rendered":"<p>PLAN GESTI\u00d3N DE REDES SOCIALES PREMIUM \u2013 PREMIUM<\/p>\n<p>Para Empresas, Personas, Artistas o inversionistas que se preocupan por mantener su presencia en internet y en todas las redes sociales a nivel PREMIUM.\u00a0 Gesti\u00f3n de hasta 6 redes sociales (LinkedIn, Instagram, Facebook, Tiktok y X\/Threads) \u2013contrato por 8 meses, 1 a\u00f1o \/ 2 a\u00f1os) + asesor\u00eda Reels\/Tiktok.<\/p>\n<p>Plan Premium mensual: 500$<\/p>\n<ul>\n<li>Post imagen a demanda de la estrategia.<\/li>\n<li>Stories imagen a demanda de la estrategia.<\/li>\n<li>Ediciones de video de 15 sg a demanda de la estrategia.<\/li>\n<li>Ediciones de videos de 60 sg a demanda de la estrategia.<\/li>\n<li>Hasta 4 campa\u00f1as ADS (presupuesto m\u00e1ximo total mensual 80$) posicionamiento, interacci\u00f3n y prospecci\u00f3n de clientes.<\/li>\n<li>Incluir pauta + 50$ *Puede aplicar cargos adicionales dependiendo de la zona geogr\u00e1fica.<\/li>\n<li>Empathy Scan Account a demanda de cada canal.<\/li>\n<li>Redacci\u00f3n en textos persuasivos\/profesionales.<\/li>\n<li>Estrategia de posicionamiento.<\/li>\n<li>Segmentaci\u00f3n geogr\u00e1fica, demogr\u00e1fica y psicogr\u00e1fica.<\/li>\n<li>Atenci\u00f3n al cliente (Si el cliente lo desea) + Primaria Empathy.<\/li>\n<li>Creativos para planificaci\u00f3n y Desarrollo de ideas para contenidos. (creaciones de concursos, nuevas campa\u00f1as, ideas para fechas festivas) en Calendario de trabajo Pre-Mes.<\/li>\n<li>Automatizaci\u00f3n de respuestas en Facebook e Instagram \/ Asesor\u00eda WhatsApp Business.<\/li>\n<li>Retoque fotogr\u00e1fico profesional.<\/li>\n<li>Ficha en Google Maps: Solo para Negocios F\u00edsicos. Publicaciones Espejo del calendario mensual.<\/li>\n<li><strong>Obsequio:<\/strong> revisi\u00f3n o creaci\u00f3n de identidad corporativa + 25 Stickers para WhatsApp al momento de la revisi\u00f3n<\/li>\n<li>Asesor\u00eda constante.<\/li>\n<\/ul>\n","protected":false},"excerpt":{"rendered":"<p>PLAN GESTI\u00d3N DE REDES SOCIALES PREMIUM \u2013 PREMIUM Para Empresas, Personas, Artistas o inversionistas que se preocupan por mantener su<\/p>\n","protected":false},"featured_media":15340,"comment_status":"open","ping_status":"closed","template":"","meta":{"rank_math_lock_modified_date":false},"product_brand":[],"product_cat":[108,20],"product_tag":[122,181,182,124,179,121,125,180,161,164,238,239,183,123],"class_list":{"0":"post-14366","1":"product","2":"type-product","3":"status-publish","4":"has-post-thumbnail","6":"product_cat-gestionredessociales","7":"product_cat-productosdigitales","8":"product_tag-carabobo","9":"product_tag-community-manager","10":"product_tag-destion-de-redes-sociales","11":"product_tag-empathy","12":"product_tag-empathy-agency","13":"product_tag-guacara","14":"product_tag-iamempathy","15":"product_tag-marketing-digital","16":"product_tag-pack","17":"product_tag-paginas-web","18":"product_tag-plan-pro-premium","19":"product_tag-premium","20":"product_tag-redes-sociales","21":"product_tag-venezuela","23":"first","24":"instock","25":"virtual","26":"sold-individually","27":"purchasable","28":"product-type-simple"},"_links":{"self":[{"href":"https:\/\/iamempathy.com\/es\/wp-json\/wp\/v2\/product\/14366","targetHints":{"allow":["GET"]}}],"collection":[{"href":"https:\/\/iamempathy.com\/es\/wp-json\/wp\/v2\/product"}],"about":[{"href":"https:\/\/iamempathy.com\/es\/wp-json\/wp\/v2\/types\/product"}],"replies":[{"embeddable":true,"href":"https:\/\/iamempathy.com\/es\/wp-json\/wp\/v2\/comments?post=14366"}],"version-history":[{"count":0,"href":"https:\/\/iamempathy.com\/es\/wp-json\/wp\/v2\/product\/14366\/revisions"}],"wp:featuredmedia":[{"embeddable":true,"href":"https:\/\/iamempathy.com\/es\/wp-json\/wp\/v2\/media\/15340"}],"wp:attachment":[{"href":"https:\/\/iamempathy.com\/es\/wp-json\/wp\/v2\/media?parent=14366"}],"wp:term":[{"taxonomy":"product_brand","embeddable":true,"href":"https:\/\/iamempathy.com\/es\/wp-json\/wp\/v2\/product_brand?post=14366"},{"taxonomy":"product_cat","embeddable":true,"href":"https:\/\/iamempathy.com\/es\/wp-json\/wp\/v2\/product_cat?post=14366"},{"taxonomy":"product_tag","embeddable":true,"href":"https:\/\/iamempathy.com\/es\/wp-json\/wp\/v2\/product_tag?post=14366"}],"curies":[{"name":"wp","href":"https:\/\/api.w.org\/{rel}","templated":true}]}}