{"id":14363,"date":"2023-01-07T18:30:33","date_gmt":"2023-01-07T18:30:33","guid":{"rendered":"https:\/\/iamempathy.com\/?post_type=product&#038;p=14363"},"modified":"2025-01-18T17:36:55","modified_gmt":"2025-01-18T21:36:55","slug":"plan-pro-gestion-de-redes-sociales-elite","status":"publish","type":"product","link":"https:\/\/iamempathy.com\/es\/tienda\/productosdigitales\/gestionredessociales\/plan-pro-gestion-de-redes-sociales-elite\/","title":{"rendered":"PLAN PRO GESTI\u00d3N DE REDES SOCIALES \u00c9LITE"},"content":{"rendered":"<p>PLAN PRO GESTI\u00d3N DE REDES SOCIALES \u00c9LITE<\/p>\n<p>Para Empresas, Personas o Artistas que requieren o necesitan mantener marketing digital con nivel de asistencia profesional de un equipo a disposici\u00f3n.\u00a0 Gesti\u00f3n de 4 redes sociales (Instagram, Facebook, X y Tiktok) contrato por 8 meses, 1 a\u00f1o \/ 2 a\u00f1os) + asesor\u00eda Reels\/Tiktok.<\/p>\n<p>Plan \u00c9lite mensual 450$<\/p>\n<ul>\n<li>Hasta 25 post imagen<\/li>\n<li>Hasta 15 stories imagen<\/li>\n<li>Ediciones de video 15 seg a demanda de la estrategia.<\/li>\n<li>2 ediciones de video 60 seg. M\u00e1ximo.<\/li>\n<li>Hasta 3 campa\u00f1as ADS (presupuesto m\u00e1ximo total mensual 60$) alcance, interacci\u00f3n, prospecci\u00f3n.<\/li>\n<li>Incluir pauta +50$ * puede variar seg\u00fan localizaci\u00f3n geogr\u00e1fica<\/li>\n<li>Empathy Scan Account Trimestral.<\/li>\n<li>Redacci\u00f3n en textos persuasivos\/profesionales.<\/li>\n<li>Estrategia de posicionamiento.<\/li>\n<li>Segmentaci\u00f3n geogr\u00e1fica, demogr\u00e1fica y psicogr\u00e1fica.<\/li>\n<li>Atenci\u00f3n primaria Empathy.<\/li>\n<li>Creativos para planificaci\u00f3n y Desarrollo de ideas para contenidos. (creaciones de concursos, nuevas campa\u00f1as, ideas para fechas festivas) en Calendario de trabajo Pre-Mes.<\/li>\n<li>Automatizaci\u00f3n de respuestas en Facebook e Instagram.<\/li>\n<li>Retoque fotogr\u00e1fico profesional.<\/li>\n<li>Ficha en Google Maps: S\u00f3lo para Negocios F\u00edsicos.<\/li>\n<li><strong>Obsequio:<\/strong> revisi\u00f3n o creaci\u00f3n de identidad corporativa + 10 Stickers para WhatsApp al momento de la revisi\u00f3n.<\/li>\n<li>Asesor\u00eda constante.<\/li>\n<\/ul>\n","protected":false},"excerpt":{"rendered":"<p>PLAN PRO GESTI\u00d3N DE REDES SOCIALES \u00c9LITE Para Empresas, Personas o Artistas que requieren o necesitan mantener marketing digital con<\/p>\n","protected":false},"featured_media":15345,"comment_status":"open","ping_status":"closed","template":"","meta":{"rank_math_lock_modified_date":false},"product_brand":[],"product_cat":[108,20],"product_tag":[122,181,182,241,124,179,121,125,180,161,240,184,183,123],"class_list":{"0":"post-14363","1":"product","2":"type-product","3":"status-publish","4":"has-post-thumbnail","6":"product_cat-gestionredessociales","7":"product_cat-productosdigitales","8":"product_tag-carabobo","9":"product_tag-community-manager","10":"product_tag-destion-de-redes-sociales","11":"product_tag-elite","12":"product_tag-empathy","13":"product_tag-empathy-agency","14":"product_tag-guacara","15":"product_tag-iamempathy","16":"product_tag-marketing-digital","17":"product_tag-pack","18":"product_tag-plan-pro-elite","19":"product_tag-planes","20":"product_tag-redes-sociales","21":"product_tag-venezuela","23":"first","24":"instock","25":"featured","26":"virtual","27":"sold-individually","28":"purchasable","29":"product-type-simple"},"_links":{"self":[{"href":"https:\/\/iamempathy.com\/es\/wp-json\/wp\/v2\/product\/14363","targetHints":{"allow":["GET"]}}],"collection":[{"href":"https:\/\/iamempathy.com\/es\/wp-json\/wp\/v2\/product"}],"about":[{"href":"https:\/\/iamempathy.com\/es\/wp-json\/wp\/v2\/types\/product"}],"replies":[{"embeddable":true,"href":"https:\/\/iamempathy.com\/es\/wp-json\/wp\/v2\/comments?post=14363"}],"version-history":[{"count":0,"href":"https:\/\/iamempathy.com\/es\/wp-json\/wp\/v2\/product\/14363\/revisions"}],"wp:featuredmedia":[{"embeddable":true,"href":"https:\/\/iamempathy.com\/es\/wp-json\/wp\/v2\/media\/15345"}],"wp:attachment":[{"href":"https:\/\/iamempathy.com\/es\/wp-json\/wp\/v2\/media?parent=14363"}],"wp:term":[{"taxonomy":"product_brand","embeddable":true,"href":"https:\/\/iamempathy.com\/es\/wp-json\/wp\/v2\/product_brand?post=14363"},{"taxonomy":"product_cat","embeddable":true,"href":"https:\/\/iamempathy.com\/es\/wp-json\/wp\/v2\/product_cat?post=14363"},{"taxonomy":"product_tag","embeddable":true,"href":"https:\/\/iamempathy.com\/es\/wp-json\/wp\/v2\/product_tag?post=14363"}],"curies":[{"name":"wp","href":"https:\/\/api.w.org\/{rel}","templated":true}]}}