{"id":14357,"date":"2023-01-07T17:36:34","date_gmt":"2023-01-07T17:36:34","guid":{"rendered":"https:\/\/iamempathy.com\/?post_type=product&#038;p=14357"},"modified":"2025-02-23T04:35:42","modified_gmt":"2025-02-23T08:35:42","slug":"plan-pro-gestion-de-redes-sociales-exclusivo","status":"publish","type":"product","link":"https:\/\/iamempathy.com\/es\/tienda\/productosdigitales\/gestionredessociales\/plan-pro-gestion-de-redes-sociales-exclusivo\/","title":{"rendered":"PLAN PRO GESTI\u00d3N DE REDES SOCIALES EXCLUSIVO"},"content":{"rendered":"<p>PLAN PRO GESTI\u00d3N DE REDES SOCIALES EXCLUSIVO<\/p>\n<p>Para Empresas, Personas o Artistas que inician en el verdadero marketing digital, gesti\u00f3n de 3 redes sociales (Instagram, Facebook y Tiktok) contrato por 8 meses, 1 a\u00f1o \/ 2 a\u00f1os) + asesor\u00eda Reels\/Tiktok.<\/p>\n<p>Plan Exclusivo mensual: 300$<\/p>\n<ul>\n<li>Hasta 20 post imagen.<\/li>\n<li>Hasta 10 stories imagen.<\/li>\n<li>5 ediciones de video 15 seg.<\/li>\n<li>1 edici\u00f3n de video 60 seg. M\u00e1ximo.<\/li>\n<li>Hasta 2 Campa\u00f1as ADS (presupuesto m\u00e1ximo total mensual 50$) alcance, interacci\u00f3n, prospecci\u00f3n.<\/li>\n<li>Incluir pauta + 50$ *Puede aplicar cargos adicionales dependiendo de la zona geogr\u00e1fica.<\/li>\n<li>Empathy Scan Account Inicial.<\/li>\n<li>Redacci\u00f3n en textos persuasivos\/profesionales.<\/li>\n<li>Estrategia de posicionamiento.<\/li>\n<li>Segmentaci\u00f3n geogr\u00e1fica, demogr\u00e1fica y psicogr\u00e1fica.<\/li>\n<li>Atenci\u00f3n primaria Empathy.<\/li>\n<li>Creativos para planificaci\u00f3n y Desarrollo de ideas para contenidos. (creaciones de concursos, nuevas campa\u00f1as, ideas para fechas festivas) en Calendario de trabajo Pre-Mes.<\/li>\n<li>Automatizaci\u00f3n de respuestas en Facebook e Instagram.<\/li>\n<li>Retoque fotogr\u00e1fico profesional.<\/li>\n<li>Ficha en Google Maps: S\u00f3lo para Negocios F\u00edsicos.<\/li>\n<li><strong>Obsequio:<\/strong> revisi\u00f3n o creaci\u00f3n de identidad corporativa + 5 Stickers para WhatsApp al momento de la revisi\u00f3n.<\/li>\n<li>Asesor\u00eda constante.<\/li>\n<\/ul>\n","protected":false},"excerpt":{"rendered":"<p>PLAN PRO GESTI\u00d3N DE REDES SOCIALES EXCLUSIVO Para Empresas, Personas o Artistas que inician en el verdadero marketing digital, gesti\u00f3n<\/p>\n","protected":false},"featured_media":15348,"comment_status":"open","ping_status":"closed","template":"","meta":{"rank_math_lock_modified_date":false},"product_brand":[],"product_cat":[108,20],"product_tag":[122,181,182,124,179,244,121,125,180,243,184,242,183,123],"class_list":{"0":"post-14357","1":"product","2":"type-product","3":"status-publish","4":"has-post-thumbnail","6":"product_cat-gestionredessociales","7":"product_cat-productosdigitales","8":"product_tag-carabobo","9":"product_tag-community-manager","10":"product_tag-destion-de-redes-sociales","11":"product_tag-empathy","12":"product_tag-empathy-agency","13":"product_tag-exclusivo","14":"product_tag-guacara","15":"product_tag-iamempathy","16":"product_tag-marketing-digital","17":"product_tag-plan-pro-exclusivo","18":"product_tag-planes","19":"product_tag-planes-pro-empathy","20":"product_tag-redes-sociales","21":"product_tag-venezuela","23":"first","24":"instock","25":"virtual","26":"purchasable","27":"product-type-simple"},"_links":{"self":[{"href":"https:\/\/iamempathy.com\/es\/wp-json\/wp\/v2\/product\/14357","targetHints":{"allow":["GET"]}}],"collection":[{"href":"https:\/\/iamempathy.com\/es\/wp-json\/wp\/v2\/product"}],"about":[{"href":"https:\/\/iamempathy.com\/es\/wp-json\/wp\/v2\/types\/product"}],"replies":[{"embeddable":true,"href":"https:\/\/iamempathy.com\/es\/wp-json\/wp\/v2\/comments?post=14357"}],"version-history":[{"count":0,"href":"https:\/\/iamempathy.com\/es\/wp-json\/wp\/v2\/product\/14357\/revisions"}],"wp:featuredmedia":[{"embeddable":true,"href":"https:\/\/iamempathy.com\/es\/wp-json\/wp\/v2\/media\/15348"}],"wp:attachment":[{"href":"https:\/\/iamempathy.com\/es\/wp-json\/wp\/v2\/media?parent=14357"}],"wp:term":[{"taxonomy":"product_brand","embeddable":true,"href":"https:\/\/iamempathy.com\/es\/wp-json\/wp\/v2\/product_brand?post=14357"},{"taxonomy":"product_cat","embeddable":true,"href":"https:\/\/iamempathy.com\/es\/wp-json\/wp\/v2\/product_cat?post=14357"},{"taxonomy":"product_tag","embeddable":true,"href":"https:\/\/iamempathy.com\/es\/wp-json\/wp\/v2\/product_tag?post=14357"}],"curies":[{"name":"wp","href":"https:\/\/api.w.org\/{rel}","templated":true}]}}