{"id":14282,"date":"2023-01-04T06:06:41","date_gmt":"2023-01-04T06:06:41","guid":{"rendered":"https:\/\/iamempathy.com\/?post_type=product&#038;p=14282"},"modified":"2023-04-17T01:09:17","modified_gmt":"2023-04-17T01:09:17","slug":"limpiacontacto-dielectrico-vs-80-cm3","status":"publish","type":"product","link":"https:\/\/iamempathy.com\/es\/tienda\/herramientas\/limpiacontacto-dielectrico-vs-80-cm3\/","title":{"rendered":"Limpiacontacto Diel\u00e9ctrico Vs 80 Cm3"},"content":{"rendered":"<p class=\"ui-pdp-title\">Limpiacontacto Diel\u00e9ctrico Vs 80 Cm3<\/p>\n<p class=\"ui-pdp-title\">LIMPIADOR DE CONTACTOS<\/p>\n<p>LIMPIADOR PARA CONTACTOS EL\u00c9CTRICOS Y ELECTR\u00d3NICOS QUE AYUDAN A CORREGIR LOS PROBLEMAS POR FALLAS Y MAL FUNCIONAMIENTO, DEBIDO A CONTAMINANTES COMO EL POLVO, HUMEDAD, PELUSA Y SUCIEDAD POR MANIPULACI\u00d3N DE LOS EQUIPOS<br \/>\nAYUDA A PREVENIR FALLAS O MAL FUNCIONAMIENTO EN LOS CONTACTOS<br \/>\nREMUEVE SUCIEDAD Y EL POLVO<br \/>\nNO ATACA A LAS CINTAS, SUPERFICIES MET\u00c1LICAS Y A LA MAYOR\u00cdA DE LOS PL\u00c1STICOS R\u00c1PIDA EVAPORACI\u00d3N, NO DEJA RESIDUOS QUE PUEDAN ALTERAR LAS CARACTER\u00cdSTICAS EL\u00c9CTRICAS Y ELECTR\u00d3NICAS<\/p>\n","protected":false},"excerpt":{"rendered":"<p>Limpiacontacto Diel\u00e9ctrico Vs 80 Cm3 LIMPIADOR DE CONTACTOS LIMPIADOR PARA CONTACTOS EL\u00c9CTRICOS Y ELECTR\u00d3NICOS QUE AYUDAN A CORREGIR LOS PROBLEMAS<\/p>\n","protected":false},"featured_media":14325,"comment_status":"open","ping_status":"closed","template":"","meta":{"rank_math_lock_modified_date":false},"product_brand":[],"product_cat":[115],"product_tag":[122,131,152,149,175,124,146,121,129,125,173,176,177,130,133,123,174],"class_list":{"0":"post-14282","1":"product","2":"type-product","3":"status-publish","4":"has-post-thumbnail","6":"product_cat-herramientas","7":"product_tag-carabobo","8":"product_tag-celulares","9":"product_tag-computador","10":"product_tag-correctivo","11":"product_tag-dielectrico","12":"product_tag-empathy","13":"product_tag-empathy-technical","14":"product_tag-guacara","15":"product_tag-herramientas","16":"product_tag-iamempathy","17":"product_tag-limpiacontacto","18":"product_tag-limpiador-de-contactos","19":"product_tag-limpiador-electronicos","20":"product_tag-para-celulares","21":"product_tag-tecnico-ceulares","22":"product_tag-venezuela","23":"product_tag-vs","25":"first","26":"instock","27":"sale","28":"shipping-taxable","29":"purchasable","30":"product-type-simple"},"_links":{"self":[{"href":"https:\/\/iamempathy.com\/es\/wp-json\/wp\/v2\/product\/14282","targetHints":{"allow":["GET"]}}],"collection":[{"href":"https:\/\/iamempathy.com\/es\/wp-json\/wp\/v2\/product"}],"about":[{"href":"https:\/\/iamempathy.com\/es\/wp-json\/wp\/v2\/types\/product"}],"replies":[{"embeddable":true,"href":"https:\/\/iamempathy.com\/es\/wp-json\/wp\/v2\/comments?post=14282"}],"version-history":[{"count":0,"href":"https:\/\/iamempathy.com\/es\/wp-json\/wp\/v2\/product\/14282\/revisions"}],"wp:featuredmedia":[{"embeddable":true,"href":"https:\/\/iamempathy.com\/es\/wp-json\/wp\/v2\/media\/14325"}],"wp:attachment":[{"href":"https:\/\/iamempathy.com\/es\/wp-json\/wp\/v2\/media?parent=14282"}],"wp:term":[{"taxonomy":"product_brand","embeddable":true,"href":"https:\/\/iamempathy.com\/es\/wp-json\/wp\/v2\/product_brand?post=14282"},{"taxonomy":"product_cat","embeddable":true,"href":"https:\/\/iamempathy.com\/es\/wp-json\/wp\/v2\/product_cat?post=14282"},{"taxonomy":"product_tag","embeddable":true,"href":"https:\/\/iamempathy.com\/es\/wp-json\/wp\/v2\/product_tag?post=14282"}],"curies":[{"name":"wp","href":"https:\/\/api.w.org\/{rel}","templated":true}]}}