{"id":14259,"date":"2023-01-04T05:14:58","date_gmt":"2023-01-04T05:14:58","guid":{"rendered":"https:\/\/iamempathy.com\/?post_type=product&#038;p=14259"},"modified":"2025-02-23T04:36:00","modified_gmt":"2025-02-23T08:36:00","slug":"pack-e-commerce-tu-tienda-virtual-completa","status":"publish","type":"product","link":"https:\/\/iamempathy.com\/es\/tienda\/productosdigitales\/paquetespaginasweb\/packecommerce\/pack-e-commerce-tu-tienda-virtual-completa\/","title":{"rendered":"Pack E-Commerce &#8211; Tu tienda Virtual completa"},"content":{"rendered":"<p>Pack E-Commerce &#8211; Tu tienda Virtual completa: Construimos tu tienda virtual con dominio y hosting propio, vu\u00e9lvete experto en ecommerce y actualiza tu modelo denegocios ya.<\/p>\n<p><b>\u00bfQu\u00e9 incluye? <\/b><\/p>\n<ul>\n<li>Todos los requerimientos t\u00e9cnicos.<\/li>\n<li>Dise\u00f1o de tu p\u00e1gina (Programaci\u00f3n con la tecnolog\u00eda m\u00e1s actualizada).<\/li>\n<li>SEO \/ Adiestramiento Anal\u00edticas WEB y SEM.<\/li>\n<li>1 A\u00f1o de Soporte (*). Asesoramiento en todo el camino.<\/li>\n<li>Obsequio en tu paquete f\u00edsico (es un paquete f\u00edsico y digital).<\/li>\n<\/ul>\n<p><b>Dirigido<\/b> <b>principalmente<\/b><b> a:<\/b><\/p>\n<ul>\n<li>Empresas y Negocios.<\/li>\n<li>Personas y Emprendedores<\/li>\n<li>Artistas y Profesionales.<\/li>\n<\/ul>\n<p><b>Paquete f\u00edsico incluye:<\/b><\/p>\n<ul>\n<li>Certificados de Seguridad.<\/li>\n<li>Credenciales de Acceso hosting\/dominio (*).<\/li>\n<li>Caracter\u00edsticas t\u00e9cnicas.<\/li>\n<li>Certificado de bienvenida a Empathy.<\/li>\n<li>Obsequio y usuario para IamEmpathy.com<\/li>\n<\/ul>\n<p>Requiere contacto con nuestros asesores.<\/p>\n","protected":false},"excerpt":{"rendered":"<p>Pack E-Commerce &#8211; Tu tienda Virtual completa: Construimos tu tienda virtual con dominio y hosting propio, vu\u00e9lvete experto en ecommerce<\/p>\n","protected":false},"featured_media":14260,"comment_status":"open","ping_status":"closed","template":"","meta":{"rank_math_lock_modified_date":false},"product_brand":[],"product_cat":[111,109,20],"product_tag":[122,168,165,171,169,124,121,125,140,161,164,167,166,170,172,162,123,163],"class_list":{"0":"post-14259","1":"product","2":"type-product","3":"status-publish","4":"has-post-thumbnail","6":"product_cat-packecommerce","7":"product_cat-paquetespaginasweb","8":"product_cat-productosdigitales","9":"product_tag-carabobo","10":"product_tag-crm","11":"product_tag-desarrollo-web","12":"product_tag-echop","13":"product_tag-ecommerce","14":"product_tag-empathy","15":"product_tag-guacara","16":"product_tag-iamempathy","17":"product_tag-licencia-digital","18":"product_tag-pack","19":"product_tag-paginas-web","20":"product_tag-sem","21":"product_tag-seo","22":"product_tag-shop","23":"product_tag-tienda-virtual","24":"product_tag-todo-para-tu-web","25":"product_tag-venezuela","26":"product_tag-web-autogestionable","28":"first","29":"instock","30":"sale","31":"featured","32":"virtual","33":"sold-individually","34":"purchasable","35":"product-type-simple"},"_links":{"self":[{"href":"https:\/\/iamempathy.com\/es\/wp-json\/wp\/v2\/product\/14259","targetHints":{"allow":["GET"]}}],"collection":[{"href":"https:\/\/iamempathy.com\/es\/wp-json\/wp\/v2\/product"}],"about":[{"href":"https:\/\/iamempathy.com\/es\/wp-json\/wp\/v2\/types\/product"}],"replies":[{"embeddable":true,"href":"https:\/\/iamempathy.com\/es\/wp-json\/wp\/v2\/comments?post=14259"}],"version-history":[{"count":0,"href":"https:\/\/iamempathy.com\/es\/wp-json\/wp\/v2\/product\/14259\/revisions"}],"wp:featuredmedia":[{"embeddable":true,"href":"https:\/\/iamempathy.com\/es\/wp-json\/wp\/v2\/media\/14260"}],"wp:attachment":[{"href":"https:\/\/iamempathy.com\/es\/wp-json\/wp\/v2\/media?parent=14259"}],"wp:term":[{"taxonomy":"product_brand","embeddable":true,"href":"https:\/\/iamempathy.com\/es\/wp-json\/wp\/v2\/product_brand?post=14259"},{"taxonomy":"product_cat","embeddable":true,"href":"https:\/\/iamempathy.com\/es\/wp-json\/wp\/v2\/product_cat?post=14259"},{"taxonomy":"product_tag","embeddable":true,"href":"https:\/\/iamempathy.com\/es\/wp-json\/wp\/v2\/product_tag?post=14259"}],"curies":[{"name":"wp","href":"https:\/\/api.w.org\/{rel}","templated":true}]}}