{"id":14255,"date":"2023-01-04T05:08:26","date_gmt":"2023-01-04T05:08:26","guid":{"rendered":"https:\/\/iamempathy.com\/?post_type=product&#038;p=14255"},"modified":"2025-02-23T04:37:08","modified_gmt":"2025-02-23T08:37:08","slug":"pack-todo-para-tu-web-autogestionable","status":"publish","type":"product","link":"https:\/\/iamempathy.com\/es\/tienda\/productosdigitales\/paquetespaginasweb\/packweb\/pack-todo-para-tu-web-autogestionable\/","title":{"rendered":"Pack Todo para tu Web (Autogestionable)"},"content":{"rendered":"<p><b>\u00bfQu\u00e9 incluye? <\/b><\/p>\n<ul>\n<li>Todos los requerimientos t\u00e9cnicos.<\/li>\n<li>Dise\u00f1o de tu p\u00e1gina (Programaci\u00f3n con la tecnolog\u00eda m\u00e1s actualizada).<\/li>\n<li>SEO \/ Adiestramiento Anal\u00edticas WEB y SEM.<\/li>\n<li>1 A\u00f1o de Soporte (*). Asesoramiento en todo el camino.<\/li>\n<\/ul>\n<p><b>Dirigido<\/b> <b>principalmente<\/b><b> a:<\/b><\/p>\n<ul>\n<li>Empresas y Negocios.<\/li>\n<li>Instituciones educativas.<\/li>\n<li>Artistas y Profesionales.<\/li>\n<\/ul>\n<p><b>Paquete f\u00edsico incluye:<\/b><\/p>\n<ul>\n<li>Certificados de Seguridad.<\/li>\n<li>Credenciales de Acceso Cpanel o WordPress(*).<\/li>\n<li>Caracter\u00edsticas t\u00e9cnicas.<\/li>\n<li>Certificado de bienvenida a Empathy.<\/li>\n<li>Obsequio y usuario para IamEmpathy.com<\/li>\n<\/ul>\n<p>Requiere contacto con nuestros asesores.<\/p>\n","protected":false},"excerpt":{"rendered":"<p>\u00bfQu\u00e9 incluye? Todos los requerimientos t\u00e9cnicos. Dise\u00f1o de tu p\u00e1gina (Programaci\u00f3n con la tecnolog\u00eda m\u00e1s actualizada). SEO \/ Adiestramiento Anal\u00edticas<\/p>\n","protected":false},"featured_media":14256,"comment_status":"open","ping_status":"closed","template":"","meta":{"rank_math_lock_modified_date":false},"product_brand":[],"product_cat":[110,109,20],"product_tag":[261,122,168,165,124,121,125,140,161,164,167,166,162,123,163],"class_list":{"0":"post-14255","1":"product","2":"type-product","3":"status-publish","4":"has-post-thumbnail","6":"product_cat-packweb","7":"product_cat-paquetespaginasweb","8":"product_cat-productosdigitales","9":"product_tag-2dehelio","10":"product_tag-carabobo","11":"product_tag-crm","12":"product_tag-desarrollo-web","13":"product_tag-empathy","14":"product_tag-guacara","15":"product_tag-iamempathy","16":"product_tag-licencia-digital","17":"product_tag-pack","18":"product_tag-paginas-web","19":"product_tag-sem","20":"product_tag-seo","21":"product_tag-todo-para-tu-web","22":"product_tag-venezuela","23":"product_tag-web-autogestionable","25":"first","26":"instock","27":"sale","28":"featured","29":"virtual","30":"sold-individually","31":"purchasable","32":"product-type-simple"},"_links":{"self":[{"href":"https:\/\/iamempathy.com\/es\/wp-json\/wp\/v2\/product\/14255","targetHints":{"allow":["GET"]}}],"collection":[{"href":"https:\/\/iamempathy.com\/es\/wp-json\/wp\/v2\/product"}],"about":[{"href":"https:\/\/iamempathy.com\/es\/wp-json\/wp\/v2\/types\/product"}],"replies":[{"embeddable":true,"href":"https:\/\/iamempathy.com\/es\/wp-json\/wp\/v2\/comments?post=14255"}],"version-history":[{"count":1,"href":"https:\/\/iamempathy.com\/es\/wp-json\/wp\/v2\/product\/14255\/revisions"}],"predecessor-version":[{"id":16312,"href":"https:\/\/iamempathy.com\/es\/wp-json\/wp\/v2\/product\/14255\/revisions\/16312"}],"wp:featuredmedia":[{"embeddable":true,"href":"https:\/\/iamempathy.com\/es\/wp-json\/wp\/v2\/media\/14256"}],"wp:attachment":[{"href":"https:\/\/iamempathy.com\/es\/wp-json\/wp\/v2\/media?parent=14255"}],"wp:term":[{"taxonomy":"product_brand","embeddable":true,"href":"https:\/\/iamempathy.com\/es\/wp-json\/wp\/v2\/product_brand?post=14255"},{"taxonomy":"product_cat","embeddable":true,"href":"https:\/\/iamempathy.com\/es\/wp-json\/wp\/v2\/product_cat?post=14255"},{"taxonomy":"product_tag","embeddable":true,"href":"https:\/\/iamempathy.com\/es\/wp-json\/wp\/v2\/product_tag?post=14255"}],"curies":[{"name":"wp","href":"https:\/\/api.w.org\/{rel}","templated":true}]}}