{"id":14193,"date":"2023-01-02T23:36:38","date_gmt":"2023-01-02T23:36:38","guid":{"rendered":"https:\/\/iamempathy.com\/?post_type=product&#038;p=14193"},"modified":"2025-02-23T04:33:38","modified_gmt":"2025-02-23T08:33:38","slug":"kit-set-herramientas-destornilladores-celular-yaxun-yx-6028b","status":"publish","type":"product","link":"https:\/\/iamempathy.com\/es\/tienda\/herramientas\/kit-set-herramientas-destornilladores-celular-yaxun-yx-6028b\/","title":{"rendered":"Kit Set Herramientas Destornilladores Celular Yaxun Yx-6028b"},"content":{"rendered":"<h1 class=\"ui-pdp-title\">Kit Set Herramientas Destornilladores Celular Yaxun Yx-6028b<\/h1>\n<div id=\"technical_specifications\" class=\"ui-pdp-container__row ui-pdp-container__row--technical-specifications\">\n<div class=\"ui-pdp-specs\">\n<h2 class=\"ui-pdp-specs__title\">Caracter\u00edsticas principales<\/h2>\n<div class=\"ui-pdp-specs__table\">\n<table class=\"andes-table\">\n<tbody class=\"andes-table__body\">\n<tr class=\"andes-table__row\">\n<th class=\"andes-table__header andes-table__header--left ui-pdp-specs__table__column ui-pdp-specs__table__column-title\">Marca<\/th>\n<td class=\"andes-table__column andes-table__column--left ui-pdp-specs__table__column\"><span class=\"andes-table__column--value\">Ya Xun<\/span><\/td>\n<\/tr>\n<tr class=\"andes-table__row\">\n<th class=\"andes-table__header andes-table__header--left ui-pdp-specs__table__column ui-pdp-specs__table__column-title\">Modelo<\/th>\n<td class=\"andes-table__column andes-table__column--left ui-pdp-specs__table__column\"><span class=\"andes-table__column--value\">YX6028B<\/span><\/td>\n<\/tr>\n<tr class=\"andes-table__row\">\n<th class=\"andes-table__header andes-table__header--left ui-pdp-specs__table__column ui-pdp-specs__table__column-title\">Cantidad de piezas<\/th>\n<td class=\"andes-table__column andes-table__column--left ui-pdp-specs__table__column\"><span class=\"andes-table__column--value\">38<\/span><\/td>\n<\/tr>\n<\/tbody>\n<\/table>\n<\/div>\n<h3 class=\"ui-pdp-specs__subtitle\">Otras caracter\u00edsticas<\/h3>\n<div class=\"ui-pdp-list ui-pdp-specs__list\">\n<ul class=\"ui-pdp-list__wrapper\">\n<li class=\"ui-pdp-list__item\">\n<p class=\"ui-pdp-family--REGULAR ui-pdp-list__text\"><span class=\"ui-pdp-color--BLACK ui-pdp-size--XSMALL ui-pdp-family--BOLD\">Tipos de puntas<\/span>: plana, estrella, hexagonal y cuadrada.<\/p>\n<\/li>\n<li class=\"ui-pdp-list__item\">\n<p class=\"ui-pdp-family--REGULAR ui-pdp-list__text\"><span class=\"ui-pdp-color--BLACK ui-pdp-size--XSMALL ui-pdp-family--BOLD\">Tama\u00f1os de las puntas<\/span>: 30mm2<\/p>\n<\/li>\n<\/ul>\n<ul class=\"ui-pdp-list__wrapper\">\n<li class=\"ui-pdp-list__item\">\n<p class=\"ui-pdp-family--REGULAR ui-pdp-list__text\"><span class=\"ui-pdp-color--BLACK ui-pdp-size--XSMALL ui-pdp-family--BOLD\">Cantidad de puntas<\/span>: 28<\/p>\n<\/li>\n<li class=\"ui-pdp-list__item\">\n<p class=\"ui-pdp-family--REGULAR ui-pdp-list__text\"><span class=\"ui-pdp-color--BLACK ui-pdp-size--XSMALL ui-pdp-family--BOLD\">Largo<\/span>: 12 cm<\/p>\n<\/li>\n<\/ul>\n<ul class=\"ui-pdp-list__wrapper\">\n<li class=\"ui-pdp-list__item\">\n<p class=\"ui-pdp-family--REGULAR ui-pdp-list__text\"><span class=\"ui-pdp-color--BLACK ui-pdp-size--XSMALL ui-pdp-family--BOLD\">Materiales<\/span>: Acero<\/p>\n<\/li>\n<li class=\"ui-pdp-list__item\">\n<p class=\"ui-pdp-family--REGULAR ui-pdp-list__text\"><span class=\"ui-pdp-color--BLACK ui-pdp-size--XSMALL ui-pdp-family--BOLD\">Con punta intercambiable<\/span>: S\u00ed<\/p>\n<\/li>\n<\/ul>\n<\/div>\n<\/div>\n<\/div>\n<div id=\"description\" class=\"ui-pdp-container__row ui-pdp-container__row--description\">\n<div class=\"ui-pdp-description\">\n<h2 class=\"ui-pdp-description__title\">Descripci\u00f3n<\/h2>\n<p class=\"ui-pdp-description__content\">Kit de herramientas de reparaci\u00f3n Yaxun YX 6028 b (38 piezas)<br \/>\nIdeal para reparaci\u00f3n celulares, notebooks, etc<br \/>\nIncluye puntas y destornillador Pentalobe (Reparaci\u00f3n iPhone)<br \/>\nDimensiones de la caja: 10.5 cm (ancho) x 14.5 cm (alto) x 3.7 cm (prof)<br \/>\nPuntas magn\u00e9ticas<br \/>\nDescripci\u00f3n de las puntas (tambi\u00e9n est\u00e1 la foto en la publicaci\u00f3n):<br \/>\nHexagonal 2.5, 3, 3.5, 4, 4.5, 5, 5.5, T2, T3, T4, T5, T6, T7, T8, T9, T10, T15<br \/>\nPunta Plana: 1.5, 2.0<br \/>\nPhillips: 1.2, 1.5 2.0, PH2<br \/>\nTriangular: 2.3 U: 2.6<br \/>\nTriple 2.0 Pentalobe 0.8 y 1.2<br \/>\nMas dos Destornilladores (Phillips 1.2 \/ 0.6 iPhone)<br \/>\nVentosa<br \/>\nHerramienta extractora SIM<br \/>\n2 Pues pl\u00e1sticas (chica, Mediana)<br \/>\nMango para intercambiar puntas + extensor<br \/>\nExtensor Flexible<br \/>\nPinza Bruselas<br \/>\n&#8212;&#8212;&#8212;&#8212;&#8212;&#8212;&#8212;&#8212;&#8212;&#8212;&#8212;-<\/p>\n<\/div>\n<\/div>\n<p>&nbsp;<\/p>\n<div id=\"gtx-trans\" style=\"position: absolute; left: -11px; top: 62.6534px;\">\n<div class=\"gtx-trans-icon\"><\/div>\n<\/div>\n","protected":false},"excerpt":{"rendered":"<p>Kit Set Herramientas Destornilladores Celular Yaxun Yx-6028b Caracter\u00edsticas principales Marca Ya Xun Modelo YX6028B Cantidad de piezas 38 Otras caracter\u00edsticas<\/p>\n","protected":false},"featured_media":14240,"comment_status":"open","ping_status":"closed","template":"","meta":{"rank_math_lock_modified_date":false},"product_brand":[],"product_cat":[115],"product_tag":[122,131,124,121,129,125,132,127,290,130,128,133,123],"class_list":{"0":"post-14193","1":"product","2":"type-product","3":"status-publish","4":"has-post-thumbnail","6":"product_cat-herramientas","7":"product_tag-carabobo","8":"product_tag-celulares","9":"product_tag-empathy","10":"product_tag-guacara","11":"product_tag-herramientas","12":"product_tag-iamempathy","13":"product_tag-kir-de-herramientas","14":"product_tag-kit","15":"product_tag-lottery","16":"product_tag-para-celulares","17":"product_tag-set","18":"product_tag-tecnico-ceulares","19":"product_tag-venezuela","21":"first","22":"instock","23":"sale","24":"shipping-taxable","25":"purchasable","26":"product-type-simple"},"_links":{"self":[{"href":"https:\/\/iamempathy.com\/es\/wp-json\/wp\/v2\/product\/14193","targetHints":{"allow":["GET"]}}],"collection":[{"href":"https:\/\/iamempathy.com\/es\/wp-json\/wp\/v2\/product"}],"about":[{"href":"https:\/\/iamempathy.com\/es\/wp-json\/wp\/v2\/types\/product"}],"replies":[{"embeddable":true,"href":"https:\/\/iamempathy.com\/es\/wp-json\/wp\/v2\/comments?post=14193"}],"version-history":[{"count":4,"href":"https:\/\/iamempathy.com\/es\/wp-json\/wp\/v2\/product\/14193\/revisions"}],"predecessor-version":[{"id":16227,"href":"https:\/\/iamempathy.com\/es\/wp-json\/wp\/v2\/product\/14193\/revisions\/16227"}],"wp:featuredmedia":[{"embeddable":true,"href":"https:\/\/iamempathy.com\/es\/wp-json\/wp\/v2\/media\/14240"}],"wp:attachment":[{"href":"https:\/\/iamempathy.com\/es\/wp-json\/wp\/v2\/media?parent=14193"}],"wp:term":[{"taxonomy":"product_brand","embeddable":true,"href":"https:\/\/iamempathy.com\/es\/wp-json\/wp\/v2\/product_brand?post=14193"},{"taxonomy":"product_cat","embeddable":true,"href":"https:\/\/iamempathy.com\/es\/wp-json\/wp\/v2\/product_cat?post=14193"},{"taxonomy":"product_tag","embeddable":true,"href":"https:\/\/iamempathy.com\/es\/wp-json\/wp\/v2\/product_tag?post=14193"}],"curies":[{"name":"wp","href":"https:\/\/api.w.org\/{rel}","templated":true}]}}