{"id":14188,"date":"2023-01-02T22:56:49","date_gmt":"2023-01-02T22:56:49","guid":{"rendered":"https:\/\/iamempathy.com\/?post_type=product&#038;p=14188"},"modified":"2025-10-30T20:53:01","modified_gmt":"2025-10-31T00:53:01","slug":"secadora-haier-gdg750aw-a-gas-con-encendido-electronico","status":"publish","type":"product","link":"https:\/\/iamempathy.com\/es\/tienda\/lineablanca\/secadora-haier-gdg750aw-a-gas-con-encendido-electronico\/","title":{"rendered":"Sorteo de Secadora Haier GDG750AW a gas con encendido electr\u00f3nico"},"content":{"rendered":"<div class=\"o_g parameterList\">\n<div class=\"o_u o_df_1-3 o_xs_2-2 \">\n<h2>Secadora Haier GDG750AW a gas con encendido electr\u00f3nico<\/h2>\n<\/div>\n<div class=\"o_u o_df_1-3 o_xs_2-2 \">\n<h2 class=\"parameterListtitle\">Caracter\u00edsticas principales<\/h2>\n<\/div>\n<div class=\"o_u o_g o_df_2-3 o_xs_2-2 parameterListdetails\">\n<ul>\n<li>\n<div class=\"o_u o_df_1-2 o_xs_2-2 leftname\">N\u00famero de modelo: GDG750AW<\/div>\n<\/li>\n<li>\n<div class=\"o_u o_df_1-2 o_xs_2-2 leftname\">Color: Blanco<\/div>\n<\/li>\n<li>\n<div class=\"o_u o_df_1-2 o_xs_2-2 leftname\">Tipo: secadora<\/div>\n<\/li>\n<\/ul>\n<\/div>\n<\/div>\n<div class=\"o_g parameterList\">\n<div class=\"o_u o_df_1-3 o_xs_2-2 \">\n<h2 class=\"parameterListtitle\">Rendimiento<\/h2>\n<\/div>\n<div class=\"o_u o_g o_df_2-3 o_xs_2-2 parameterListdetails\">\n<ul>\n<li>\n<div class=\"o_u o_df_1-2 o_xs_2-2 leftname\">Capacidad(kg): 12<\/div>\n<\/li>\n<li>\n<div class=\"o_u o_df_1-2 o_xs_2-2 leftname\">Tipo de combustible: Natural Gas<\/div>\n<\/li>\n<li>\n<div class=\"o_u o_df_1-2 o_xs_2-2 leftname\">Ajuste de temperatura: 4<\/div>\n<\/li>\n<li>\n<div class=\"o_u o_df_1-2 o_xs_2-2 leftname\">Sensor de secado: Temp Sensor<\/div>\n<\/li>\n<li>\n<div class=\"o_u o_df_1-2 o_xs_2-2 leftname\">Rejilla del sensor de secado: s\u00ed<\/div>\n<\/li>\n<li>\n<div class=\"o_u o_df_1-2 o_xs_2-2 leftname\">Normal: s\u00ed<\/div>\n<\/li>\n<li>\n<div class=\"o_u o_df_1-2 o_xs_2-2 leftname\">Peso: s\u00ed<\/div>\n<\/li>\n<li>\n<div class=\"o_u o_df_1-2 o_xs_2-2 leftname\">Rejilla de secado: s\u00ed<\/div>\n<\/li>\n<li>\n<div class=\"o_u o_df_1-2 o_xs_2-2 leftname\">Ahorro de arrugas: s\u00ed<\/div>\n<\/li>\n<li>\n<div class=\"o_u o_df_1-2 o_xs_2-2 leftname\">Salida de aire: 3<\/div>\n<\/li>\n<li>\n<div class=\"o_u o_df_1-2 o_xs_2-2 leftname\">Patas de nivelaci\u00f3n: Y(4)<\/div>\n<\/li>\n<li>\n<div class=\"o_u o_df_1-2 o_xs_2-2 leftname\">Servicio frontal: s\u00ed<\/div>\n<\/li>\n<li>\n<div class=\"o_u o_df_1-2 o_xs_2-2 leftname\">Elemento de calentamiento. Vatios. (watts): 20,000 BTU<\/div>\n<\/li>\n<\/ul>\n<\/div>\n<\/div>\n","protected":false},"excerpt":{"rendered":"<p>Secadora Haier GDG750AW a gas con encendido electr\u00f3nico Caracter\u00edsticas principales N\u00famero de modelo: GDG750AW Color: Blanco Tipo: secadora Rendimiento Capacidad(kg):<\/p>\n","protected":false},"featured_media":14244,"comment_status":"open","ping_status":"closed","template":"","meta":{"rank_math_lock_modified_date":false},"product_brand":[],"product_cat":[114],"product_tag":[122,124,120,121,118,125,117,126,119,123],"class_list":{"0":"post-14188","1":"product","2":"type-product","3":"status-publish","4":"has-post-thumbnail","6":"product_cat-lineablanca","7":"product_tag-carabobo","8":"product_tag-empathy","9":"product_tag-gas","10":"product_tag-guacara","11":"product_tag-haier","12":"product_tag-iamempathy","13":"product_tag-secadora","14":"product_tag-secadora-a-gas","15":"product_tag-secadora-haier","16":"product_tag-venezuela","18":"first","19":"outofstock","20":"sale","21":"sold-individually","22":"shipping-taxable","23":"purchasable","24":"product-type-simple"},"_links":{"self":[{"href":"https:\/\/iamempathy.com\/es\/wp-json\/wp\/v2\/product\/14188","targetHints":{"allow":["GET"]}}],"collection":[{"href":"https:\/\/iamempathy.com\/es\/wp-json\/wp\/v2\/product"}],"about":[{"href":"https:\/\/iamempathy.com\/es\/wp-json\/wp\/v2\/types\/product"}],"replies":[{"embeddable":true,"href":"https:\/\/iamempathy.com\/es\/wp-json\/wp\/v2\/comments?post=14188"}],"version-history":[{"count":5,"href":"https:\/\/iamempathy.com\/es\/wp-json\/wp\/v2\/product\/14188\/revisions"}],"predecessor-version":[{"id":16327,"href":"https:\/\/iamempathy.com\/es\/wp-json\/wp\/v2\/product\/14188\/revisions\/16327"}],"wp:featuredmedia":[{"embeddable":true,"href":"https:\/\/iamempathy.com\/es\/wp-json\/wp\/v2\/media\/14244"}],"wp:attachment":[{"href":"https:\/\/iamempathy.com\/es\/wp-json\/wp\/v2\/media?parent=14188"}],"wp:term":[{"taxonomy":"product_brand","embeddable":true,"href":"https:\/\/iamempathy.com\/es\/wp-json\/wp\/v2\/product_brand?post=14188"},{"taxonomy":"product_cat","embeddable":true,"href":"https:\/\/iamempathy.com\/es\/wp-json\/wp\/v2\/product_cat?post=14188"},{"taxonomy":"product_tag","embeddable":true,"href":"https:\/\/iamempathy.com\/es\/wp-json\/wp\/v2\/product_tag?post=14188"}],"curies":[{"name":"wp","href":"https:\/\/api.w.org\/{rel}","templated":true}]}}